{"id":12,"date":"2018-01-18T06:59:42","date_gmt":"2018-01-18T06:59:42","guid":{"rendered":"http:\/\/naturheilpraxis-linss.de\/?page_id=12"},"modified":"2019-11-27T06:25:56","modified_gmt":"2019-11-27T06:25:56","slug":"ueber-mich","status":"publish","type":"page","link":"https:\/\/www.naturheilpraxis-linss.de\/?page_id=12","title":{"rendered":"\u00dcber mich"},"content":{"rendered":"<p>-Jahrgang 1983, verheiratet, 2 Kinder<\/p>\n<p>-Abitur 2001<\/p>\n<p>-staatlich anerkannte Physiotherapeutin seit 2005<\/p>\n<p>-Weiterbildungen im Rahmen der Physiotherapie<\/p>\n<p>-Manuelle Lymphdrainage<\/p>\n<p>-Manuelle Therapie<\/p>\n<p>-Kinesiotape<\/p>\n<p>-PNF<\/p>\n<p>-Reflexzonentherapie am Fu\u00df<\/p>\n<p>-Wirbeltherapie nach Dorn<\/p>\n<p>-Craniosakrale Osteopathie (Cura Akademie)<\/p>\n<p>-Segnen und Heilen mit der Kraft der Engel (Heike Schneider)<\/p>\n<p>-Ausbildung zur Lebens-Energie-Therapeutin nach Erich K\u00f6rbler (naturwissen Wolfratshausen)<\/p>\n<p>-Heilpraktikerin seit 2014<\/p>\n<p>-2015 Grundlagen Ausbildung Klassische Hom\u00f6opathie (Hom\u00f6opathiekolleg Rhein Main)<\/p>\n<p>-2016 bis 2018 Studium der Klassischen Hom\u00f6opathie (Naturheilinstitut Ingrid Loens)<\/p>\n<p>-November 2018 SHZ (Stiftung Hom\u00f6opathie-Zertifikat) gepr\u00fcfte Hom\u00f6opathin unter Supervision<\/p>\n<p><img loading=\"lazy\" decoding=\"async\" class=\"aligncenter size-medium wp-image-112\" src=\"https:\/\/www.naturheilpraxis-linss.de\/wp-content\/uploads\/2019\/11\/JV2_7199-skaliert-200x300.jpg\" alt=\"\" width=\"200\" height=\"300\" srcset=\"https:\/\/www.naturheilpraxis-linss.de\/wp-content\/uploads\/2019\/11\/JV2_7199-skaliert-200x300.jpg 200w, https:\/\/www.naturheilpraxis-linss.de\/wp-content\/uploads\/2019\/11\/JV2_7199-skaliert.jpg 512w\" sizes=\"auto, (max-width: 200px) 100vw, 200px\" \/><\/p>\n","protected":false},"excerpt":{"rendered":"<p>-Jahrgang 1983, verheiratet, 2 Kinder -Abitur 2001 -staatlich anerkannte Physiotherapeutin seit 2005 -Weiterbildungen im Rahmen der Physiotherapie -Manuelle Lymphdrainage -Manuelle Therapie -Kinesiotape -PNF -Reflexzonentherapie am Fu\u00df -Wirbeltherapie nach Dorn -Craniosakrale Osteopathie (Cura Akademie) -Segnen und Heilen mit der Kraft der Engel (Heike Schneider) -Ausbildung zur Lebens-Energie-Therapeutin nach Erich K\u00f6rbler (naturwissen Wolfratshausen) -Heilpraktikerin seit 2014 -2015&hellip;<\/p>\n","protected":false},"author":1,"featured_media":0,"parent":0,"menu_order":0,"comment_status":"closed","ping_status":"closed","template":"","meta":{"footnotes":""},"class_list":["post-12","page","type-page","status-publish","hentry"],"_links":{"self":[{"href":"https:\/\/www.naturheilpraxis-linss.de\/index.php?rest_route=\/wp\/v2\/pages\/12","targetHints":{"allow":["GET"]}}],"collection":[{"href":"https:\/\/www.naturheilpraxis-linss.de\/index.php?rest_route=\/wp\/v2\/pages"}],"about":[{"href":"https:\/\/www.naturheilpraxis-linss.de\/index.php?rest_route=\/wp\/v2\/types\/page"}],"author":[{"embeddable":true,"href":"https:\/\/www.naturheilpraxis-linss.de\/index.php?rest_route=\/wp\/v2\/users\/1"}],"replies":[{"embeddable":true,"href":"https:\/\/www.naturheilpraxis-linss.de\/index.php?rest_route=%2Fwp%2Fv2%2Fcomments&post=12"}],"version-history":[{"count":5,"href":"https:\/\/www.naturheilpraxis-linss.de\/index.php?rest_route=\/wp\/v2\/pages\/12\/revisions"}],"predecessor-version":[{"id":113,"href":"https:\/\/www.naturheilpraxis-linss.de\/index.php?rest_route=\/wp\/v2\/pages\/12\/revisions\/113"}],"wp:attachment":[{"href":"https:\/\/www.naturheilpraxis-linss.de\/index.php?rest_route=%2Fwp%2Fv2%2Fmedia&parent=12"}],"curies":[{"name":"wp","href":"https:\/\/api.w.org\/{rel}","templated":true}]}}